{"id":892,"date":"2025-01-14T20:30:48","date_gmt":"2025-01-14T13:30:48","guid":{"rendered":"https:\/\/vietactive.com\/tour\/4d3n-mount-kinabalu-climb-2024\/"},"modified":"2023-12-01T00:04:04","modified_gmt":"2023-11-30T17:04:04","slug":"4d3n-mount-kinabalu-climb-2024","status":"publish","type":"product","link":"https:\/\/vietactive.com\/vi\/tour\/4d3n-mount-kinabalu-climb-2024\/","title":{"rendered":"4N3D Leo n\u00fai Kinabalu 2024"},"content":{"rendered":"<ul>\n<li><span style=\"font-weight: 400;\">N\u00fai Kinabalu mang phong c\u1ea3nh \u1ea5n t\u01b0\u1ee3ng nh\u1ea5t \u1edf Sabah v\u00e0 l\u00e0 \u0111\u1ec9nh n\u00fai cao nh\u1ea5t gi\u1eefa d\u00e3y Himalaya v\u00e0 New Guinea. \u0110\u1ec9nh cao ch\u00f3t v\u00f3t \u1edf \u0111\u1ed9 cao 4.095 m\u00e9t (13.435 feet). N\u00fai Kinabalu h\u00f9ng v\u0129 mang trong m\u00ecnh m\u1ed9t s\u1ee9c h\u1ea5p d\u1eabn kh\u00f3 th\u1ec3 t\u1ea3 n\u1ed5i. Nh\u1eefng \u0111\u1ec9nh n\u00fai \u0111\u00e1 granit li\u00ean t\u1ee5c b\u1ecb che ph\u1ee7 b\u1edfi nh\u1eefng \u0111\u00e1m m\u00e2y, \u0111\u00f4i khi gi\u1ed1ng nh\u01b0 m\u1ed9t ng\u01b0\u1eddi con g\u00e1i duy\u00ean d\u00e1ng \u0111ang b\u1ebdn l\u1ebdn nh\u00ecn tr\u1ed9m t\u1eeb sau t\u1ea5m m\u00e0n che. Th\u1ec9nh tho\u1ea3ng trong m\u1ed9t ng\u00e0y tr\u1eddi quang, \u0111\u1ec9nh n\u00fai l\u1ed9 ra nh\u1eefng \u0111\u01b0\u1eddng v\u00e2n \u0111\u01b0\u1ee3c ch\u1ea1m kh\u1eafc tr\u00ean s\u00f4ng b\u0103ng kh\u00e1c bi\u1ec7t, nh\u00f4 l\u00ean t\u1eeb m\u00e1i v\u00f2m b\u1eb1ng \u0111\u00e1 granit m\u1ecbn m\u00e0ng, t\u1ea1o n\u00ean s\u1ef1 t\u0129nh l\u1eb7ng v\u00e0 thanh b\u00ecnh.<\/span><\/li>\n<\/ul>\n<p><span style=\"font-weight: 400;\">Ch\u00fang t\u00f4i c\u0169ng c\u00f3 th\u1ec3 thi\u1ebft k\u1ebf chuy\u1ebfn \u0111i ri\u00eang d\u1ef1a tr\u00ean l\u1ecbch tr\u00ecnh c\u00e1 nh\u00e2n c\u1ee7a b\u1ea1n. B\u1ea1n c\u00f3 th\u1ec3 li\u00ean h\u1ec7 v\u1edbi ch\u00fang t\u00f4i.<\/span><\/p>\n<p><b>LI\u00caN H\u1ec6 V\u1edaI CH\u00daNG T\u00d4I \u0110\u1ec2 \u0110\u1eb6T CH\u1ed6:<\/b><\/p>\n<p><b>Email:<\/b><span style=\"font-weight: 400;\">\u00a0<\/span><a href=\"mailto:contact@vietactive.com\"><span style=\"font-weight: 400;\">contact@vietactive.com<\/span><\/a><span style=\"font-weight: 400;\"> \/\u00a0<a href=\"mailto:sales@vietactive.com\">sales@vietactive.com<\/a><\/span><\/p>\n<p><b>WhatsApp \/ Zalo:<\/b><span style=\"font-weight: 400;\">\u00a0+84971655051\/ +84379212108<\/span><\/p>\n<h2><span style=\"color: #ff0000;\"><b>TH\u1edcI GIAN:<\/b><\/span><\/h2>\n<ul>\n<li style=\"font-weight: 400;\" aria-level=\"1\"><span style=\"font-weight: 400;\">09-12 th\u00e1ng 2 n\u0103m 2024<\/span><\/li>\n<li style=\"font-weight: 400;\" aria-level=\"1\"><span style=\"font-weight: 400;\">28-31 th\u00e1ng 3 n\u0103m 2024<\/span><\/li>\n<li style=\"font-weight: 400;\" aria-level=\"1\"><span style=\"font-weight: 400;\">14-17 th\u00e1ng 6 n\u0103m 2024<\/span><\/li>\n<li style=\"font-weight: 400;\" aria-level=\"1\"><span style=\"font-weight: 400;\">08-11 th\u00e1ng 8 n\u0103m 2024<\/span><\/li>\n<\/ul>\n<p><span style=\"font-weight: 400;\">*Vietactive nh\u1eadn t\u1ed5 ch\u1ee9c tour ri\u00eang theo y\u00eau c\u1ea7u. Vui l\u00f2ng li\u00ean h\u1ec7 v\u1edbi ch\u00fang t\u00f4i \u0111\u1ec3 bi\u1ebft th\u00eam chi ti\u1ebft<\/span><\/p>\n<p><span style=\"font-weight: 400;\">*N\u1ebfu b\u1ea1n mu\u1ed1n leo n\u00fai b\u1eb1ng Ferrata vui l\u00f2ng li\u00ean h\u1ec7 v\u1edbi ch\u00fang t\u00f4i<\/span><\/p>\n<h2><span style=\"color: #ff0000;\"><b>CHI PH\u00cd:<\/b><\/span><\/h2>\n<p><b>22.500.000 VN\u0110\/Ng\u01b0\u1eddi (ph\u00f2ng \u0111\u00f4i)<\/b><\/p>\n<p><span style=\"font-weight: 400;\">Gi\u00e1 c\u00f3 th\u1ec3 thay \u0111\u1ed5i d\u1ef1a tr\u00ean Gi\u1ea5y ph\u00e9p C\u00f4ng vi\u00ean Kinabalu, m\u1ecdi kho\u1ea3n ph\u00ed t\u0103ng th\u00eam m\u00e0 kh\u00e1ch h\u00e0ng ph\u1ea3i tr\u1ea3 trong l\u1ea7n x\u00e1c nh\u1eadn thanh to\u00e1n cu\u1ed1i c\u00f9ng.<\/span><\/p>\n<p><b>T\u1ed4NG QUAN CHUY\u1ebeN \u0110I:<\/b><\/p>\n<p><b>\u0110i\u1ec3m n\u1ed5i b\u1eadt c\u1ee7a h\u00e0nh tr\u00ecnh:<\/b><\/p>\n<ul>\n<li><span style=\"font-weight: 400;\">Ng\u00e0y 01 \u2013 Tr\u1ee5 s\u1edf C\u00f4ng vi\u00ean Kota Kinabalu\/ Kinabal<\/span><\/li>\n<li><span style=\"font-weight: 400;\">Ng\u00e0y 02 \u2013 Tr\u1ee5 s\u1edf c\u00f4ng vi\u00ean\/ C\u1ed5ng Timpohon\/ L\u00ean n\u00fai Kinabalu\/ Tr\u1ea1i c\u0103n c\u1ee9 Panalaban<\/span><\/li>\n<li><span style=\"font-weight: 400;\">Ng\u00e0y 03 \u2013 Ng\u1ecdn th\u1ea5p<\/span><span style=\"font-weight: 400;\">\/ Xu\u1ed1ng n\u00fai Kinabalu\/ Kota Kinabalu<\/span><\/li>\n<li><span style=\"font-weight: 400;\">Ng\u00e0y 04 \u2013 Kh\u1edfi h\u00e0nh Kota Kinabalu (ho\u1eb7c k\u00e9o d\u00e0i th\u1eddi gian l\u01b0u tr\u00fa)<\/span><\/li>\n<\/ul>\n","protected":false},"excerpt":{"rendered":"<p>N\u00fai Kinabalu mang phong c\u1ea3nh \u1ea5n t\u01b0\u1ee3ng nh\u1ea5t \u1edf Sabah v\u00e0 l\u00e0 \u0111\u1ec9nh n\u00fai cao nh\u1ea5t gi\u1eefa d\u00e3y Himalaya v\u00e0 New Guinea. \u0110\u1ec9nh cao ch\u00f3t v\u00f3t \u1edf \u0111\u1ed9 cao 4.095 m\u00e9t (13.435 feet). N\u00fai Kinabalu h\u00f9ng v\u0129 mang trong m\u00ecnh &hellip; <a href=\"https:\/\/vietactive.com\/vi\/tour\/4d3n-mount-kinabalu-climb-2024\/\">Xem Th\u00eam<\/a><\/p>\n","protected":false},"featured_media":855,"comment_status":"closed","ping_status":"closed","template":"","meta":[],"product_cat":[17,141],"product_tag":[376,377,378],"class_list":["post-892","product","type-product","status-publish","has-post-thumbnail","hentry","product_cat-du-lich-chau-a","product_cat-tour-nuoc-ngoai","product_tag-kinabalu-vi","product_tag-malaysia-vi","product_tag-mount-kinabalu-vi","product_destination-du-lich-chau-a","product_destination-du-lich-malaysia","product_destination-du-lich-nuoc-ngoai"],"yoast_head":"<!-- This site is optimized with the Yoast SEO plugin v20.11 - https:\/\/yoast.com\/wordpress\/plugins\/seo\/ -->\n<title>4N3D Leo n\u00fai Kinabalu 2024 - Vietactive<\/title>\n<meta name=\"description\" content=\"N\u00fai Kinabalu mang phong c\u1ea3nh \u1ea5n t\u01b0\u1ee3ng nh\u1ea5t \u1edf Sabah v\u00e0 l\u00e0 \u0111\u1ec9nh n\u00fai cao nh\u1ea5t gi\u1eefa d\u00e3y Himalaya v\u00e0 New Guinea. \u0110\u1ec9nh cao ch\u00f3t v\u00f3t \u1edf \u0111\u1ed9 cao 4.095 m\u00e9t (13.435 feet).\" \/>\n<meta name=\"robots\" content=\"index, follow, max-snippet:-1, max-image-preview:large, max-video-preview:-1\" \/>\n<link rel=\"canonical\" href=\"https:\/\/vietactive.com\/vi\/tour\/4d3n-mount-kinabalu-climb-2024\/\" \/>\n<meta property=\"og:locale\" content=\"vi_VN\" \/>\n<meta property=\"og:type\" content=\"article\" \/>\n<meta property=\"og:title\" content=\"4N3D Leo n\u00fai Kinabalu 2024 - Vietactive\" \/>\n<meta property=\"og:description\" content=\"N\u00fai Kinabalu mang phong c\u1ea3nh \u1ea5n t\u01b0\u1ee3ng nh\u1ea5t \u1edf Sabah v\u00e0 l\u00e0 \u0111\u1ec9nh n\u00fai cao nh\u1ea5t gi\u1eefa d\u00e3y Himalaya v\u00e0 New Guinea. \u0110\u1ec9nh cao ch\u00f3t v\u00f3t \u1edf \u0111\u1ed9 cao 4.095 m\u00e9t (13.435 feet).\" \/>\n<meta property=\"og:url\" content=\"https:\/\/vietactive.com\/vi\/tour\/4d3n-mount-kinabalu-climb-2024\/\" \/>\n<meta property=\"og:site_name\" content=\"Vietactive\" \/>\n<meta property=\"article:modified_time\" content=\"2023-11-30T17:04:04+00:00\" \/>\n<meta property=\"og:image\" content=\"https:\/\/vietactive.com\/wp-content\/uploads\/2023\/09\/KK-2023-vietactive-cover.jpg\" \/>\n\t<meta property=\"og:image:width\" content=\"870\" \/>\n\t<meta property=\"og:image:height\" content=\"580\" \/>\n\t<meta property=\"og:image:type\" content=\"image\/jpeg\" \/>\n<meta name=\"twitter:card\" content=\"summary_large_image\" \/>\n<meta name=\"twitter:label1\" content=\"Est. reading time\" \/>\n\t<meta name=\"twitter:data1\" content=\"2 minutes\" \/>\n<script type=\"application\/ld+json\" class=\"yoast-schema-graph\">{\"@context\":\"https:\/\/schema.org\",\"@graph\":[{\"@type\":\"WebPage\",\"@id\":\"https:\/\/vietactive.com\/vi\/tour\/4d3n-mount-kinabalu-climb-2024\/\",\"url\":\"https:\/\/vietactive.com\/vi\/tour\/4d3n-mount-kinabalu-climb-2024\/\",\"name\":\"4N3D Leo n\u00fai Kinabalu 2024 - Vietactive\",\"isPartOf\":{\"@id\":\"https:\/\/vietactive.com\/vi\/#website\"},\"datePublished\":\"2025-01-14T13:30:48+00:00\",\"dateModified\":\"2023-11-30T17:04:04+00:00\",\"description\":\"N\u00fai Kinabalu mang phong c\u1ea3nh \u1ea5n t\u01b0\u1ee3ng nh\u1ea5t \u1edf Sabah v\u00e0 l\u00e0 \u0111\u1ec9nh n\u00fai cao nh\u1ea5t gi\u1eefa d\u00e3y Himalaya v\u00e0 New Guinea. \u0110\u1ec9nh cao ch\u00f3t v\u00f3t \u1edf \u0111\u1ed9 cao 4.095 m\u00e9t (13.435 feet).\",\"breadcrumb\":{\"@id\":\"https:\/\/vietactive.com\/vi\/tour\/4d3n-mount-kinabalu-climb-2024\/#breadcrumb\"},\"inLanguage\":\"vi-VN\",\"potentialAction\":[{\"@type\":\"ReadAction\",\"target\":[\"https:\/\/vietactive.com\/vi\/tour\/4d3n-mount-kinabalu-climb-2024\/\"]}]},{\"@type\":\"BreadcrumbList\",\"@id\":\"https:\/\/vietactive.com\/vi\/tour\/4d3n-mount-kinabalu-climb-2024\/#breadcrumb\",\"itemListElement\":[{\"@type\":\"ListItem\",\"position\":1,\"name\":\"Trang ch\u1ee7\",\"item\":\"https:\/\/vietactive.com\/vi\/\"},{\"@type\":\"ListItem\",\"position\":2,\"name\":\"Du L\u1ecbch\",\"item\":\"https:\/\/vietactive.com\/du-lich\/\"},{\"@type\":\"ListItem\",\"position\":3,\"name\":\"4N3D Leo n\u00fai Kinabalu 2024\"}]},{\"@type\":\"WebSite\",\"@id\":\"https:\/\/vietactive.com\/vi\/#website\",\"url\":\"https:\/\/vietactive.com\/vi\/\",\"name\":\"Vietactive\",\"description\":\"| Explore Beyond Your Limits |\",\"potentialAction\":[{\"@type\":\"SearchAction\",\"target\":{\"@type\":\"EntryPoint\",\"urlTemplate\":\"https:\/\/vietactive.com\/vi\/?s={search_term_string}\"},\"query-input\":\"required name=search_term_string\"}],\"inLanguage\":\"vi-VN\"}]}<\/script>\n<!-- \/ Yoast SEO plugin. -->","yoast_head_json":{"title":"4N3D Leo n\u00fai Kinabalu 2024 - Vietactive","description":"N\u00fai Kinabalu mang phong c\u1ea3nh \u1ea5n t\u01b0\u1ee3ng nh\u1ea5t \u1edf Sabah v\u00e0 l\u00e0 \u0111\u1ec9nh n\u00fai cao nh\u1ea5t gi\u1eefa d\u00e3y Himalaya v\u00e0 New Guinea. \u0110\u1ec9nh cao ch\u00f3t v\u00f3t \u1edf \u0111\u1ed9 cao 4.095 m\u00e9t (13.435 feet).","robots":{"index":"index","follow":"follow","max-snippet":"max-snippet:-1","max-image-preview":"max-image-preview:large","max-video-preview":"max-video-preview:-1"},"canonical":"https:\/\/vietactive.com\/vi\/tour\/4d3n-mount-kinabalu-climb-2024\/","og_locale":"vi_VN","og_type":"article","og_title":"4N3D Leo n\u00fai Kinabalu 2024 - Vietactive","og_description":"N\u00fai Kinabalu mang phong c\u1ea3nh \u1ea5n t\u01b0\u1ee3ng nh\u1ea5t \u1edf Sabah v\u00e0 l\u00e0 \u0111\u1ec9nh n\u00fai cao nh\u1ea5t gi\u1eefa d\u00e3y Himalaya v\u00e0 New Guinea. \u0110\u1ec9nh cao ch\u00f3t v\u00f3t \u1edf \u0111\u1ed9 cao 4.095 m\u00e9t (13.435 feet).","og_url":"https:\/\/vietactive.com\/vi\/tour\/4d3n-mount-kinabalu-climb-2024\/","og_site_name":"Vietactive","article_modified_time":"2023-11-30T17:04:04+00:00","og_image":[{"width":870,"height":580,"url":"https:\/\/vietactive.com\/wp-content\/uploads\/2023\/09\/KK-2023-vietactive-cover.jpg","type":"image\/jpeg"}],"twitter_card":"summary_large_image","twitter_misc":{"Est. reading time":"2 minutes"},"schema":{"@context":"https:\/\/schema.org","@graph":[{"@type":"WebPage","@id":"https:\/\/vietactive.com\/vi\/tour\/4d3n-mount-kinabalu-climb-2024\/","url":"https:\/\/vietactive.com\/vi\/tour\/4d3n-mount-kinabalu-climb-2024\/","name":"4N3D Leo n\u00fai Kinabalu 2024 - Vietactive","isPartOf":{"@id":"https:\/\/vietactive.com\/vi\/#website"},"datePublished":"2025-01-14T13:30:48+00:00","dateModified":"2023-11-30T17:04:04+00:00","description":"N\u00fai Kinabalu mang phong c\u1ea3nh \u1ea5n t\u01b0\u1ee3ng nh\u1ea5t \u1edf Sabah v\u00e0 l\u00e0 \u0111\u1ec9nh n\u00fai cao nh\u1ea5t gi\u1eefa d\u00e3y Himalaya v\u00e0 New Guinea. \u0110\u1ec9nh cao ch\u00f3t v\u00f3t \u1edf \u0111\u1ed9 cao 4.095 m\u00e9t (13.435 feet).","breadcrumb":{"@id":"https:\/\/vietactive.com\/vi\/tour\/4d3n-mount-kinabalu-climb-2024\/#breadcrumb"},"inLanguage":"vi-VN","potentialAction":[{"@type":"ReadAction","target":["https:\/\/vietactive.com\/vi\/tour\/4d3n-mount-kinabalu-climb-2024\/"]}]},{"@type":"BreadcrumbList","@id":"https:\/\/vietactive.com\/vi\/tour\/4d3n-mount-kinabalu-climb-2024\/#breadcrumb","itemListElement":[{"@type":"ListItem","position":1,"name":"Trang ch\u1ee7","item":"https:\/\/vietactive.com\/vi\/"},{"@type":"ListItem","position":2,"name":"Du L\u1ecbch","item":"https:\/\/vietactive.com\/du-lich\/"},{"@type":"ListItem","position":3,"name":"4N3D Leo n\u00fai Kinabalu 2024"}]},{"@type":"WebSite","@id":"https:\/\/vietactive.com\/vi\/#website","url":"https:\/\/vietactive.com\/vi\/","name":"Vietactive","description":"| Explore Beyond Your Limits |","potentialAction":[{"@type":"SearchAction","target":{"@type":"EntryPoint","urlTemplate":"https:\/\/vietactive.com\/vi\/?s={search_term_string}"},"query-input":"required name=search_term_string"}],"inLanguage":"vi-VN"}]}},"_links":{"self":[{"href":"https:\/\/vietactive.com\/vi\/wp-json\/wp\/v2\/product\/892","targetHints":{"allow":["GET"]}}],"collection":[{"href":"https:\/\/vietactive.com\/vi\/wp-json\/wp\/v2\/product"}],"about":[{"href":"https:\/\/vietactive.com\/vi\/wp-json\/wp\/v2\/types\/product"}],"replies":[{"embeddable":true,"href":"https:\/\/vietactive.com\/vi\/wp-json\/wp\/v2\/comments?post=892"}],"wp:featuredmedia":[{"embeddable":true,"href":"https:\/\/vietactive.com\/vi\/wp-json\/wp\/v2\/media\/855"}],"wp:attachment":[{"href":"https:\/\/vietactive.com\/vi\/wp-json\/wp\/v2\/media?parent=892"}],"wp:term":[{"taxonomy":"product_cat","embeddable":true,"href":"https:\/\/vietactive.com\/vi\/wp-json\/wp\/v2\/product_cat?post=892"},{"taxonomy":"product_tag","embeddable":true,"href":"https:\/\/vietactive.com\/vi\/wp-json\/wp\/v2\/product_tag?post=892"}],"curies":[{"name":"wp","href":"https:\/\/api.w.org\/{rel}","templated":true}]}}