{"id":702,"date":"2023-08-16T09:37:23","date_gmt":"2023-08-16T02:37:23","guid":{"rendered":"https:\/\/vietactive.com\/?post_type=product&#038;p=702"},"modified":"2025-02-11T16:24:17","modified_gmt":"2025-02-11T09:24:17","slug":"4d3n-hanoi-ha-giang-cao-bang","status":"publish","type":"product","link":"https:\/\/vietactive.com\/vi\/tour\/4d3n-hanoi-ha-giang-cao-bang\/","title":{"rendered":"4D3N Hanoi &#8211; Ha Giang &#8211; Cao Bang"},"content":{"rendered":"<p><strong><u>Overview :<\/u><\/strong><\/p>\n<p>H\u00e0 Giang and Cao B\u1eb1ng, located in northern Vietnam, offer captivating landscapes and cultural experiences. H\u00e0 Giang boasts rugged terrain, terraced rice fields, and the \u0110\u1ed3ng V\u0103n Karst Plateau Geopark, showcasing unique rock formations and ethnic villages. The H\u00e0 Giang Loop is a motorbike enthusiast&#8217;s dream, providing stunning views and encounters with diverse ethnic groups. Cao B\u1eb1ng impresses with the majestic B\u1ea3n Gi\u1ed1c Waterfall, serene lakes, and limestone caves. These provinces are historically significant, with Cao B\u1eb1ng witnessing the Battle of Cao B\u1eb1ng. The N\u00f9ng and T\u00e0y ethnic communities in both regions offer cultural richness through festivals and crafts. Exploring H\u00e0 Giang and Cao B\u1eb1ng promises an authentic journey through Vietnam&#8217;s natural beauty and heritage.<\/p>\n<p><strong>\u00a0<\/strong><strong>For inquiries and bookings, contact us<\/strong><\/p>\n<ul>\n<li><strong>\ud83d\udcde<\/strong><strong>WhatsApp\/Zalo at +84966043090<\/strong><\/li>\n<li><strong>\ud83d\udce7<\/strong><strong> Email us at <a href=\"mailto:contact@vietactive.com\">contact@vietactive.com<\/a><\/strong><\/li>\n<\/ul>\n<p>We also can customize this tour based on your dates.<\/p>\n<p><strong>Trip Duration<\/strong>:<strong> 4 Days 3 Nights<\/strong><\/p>\n<p><strong>Start Dates: TBD<\/strong><\/p>\n<p><strong>Trip Highlight :<\/strong><\/p>\n<ul>\n<li><em>Day 1: Hanoi \u2013 Ha Giang \u2013 Quan Ba \u2013 Yen Minh <\/em><\/li>\n<li><em>Day 2: Yen Minh \u2013 Dong van \u2013 Meo Vac \u2013 Bao Lac (B,L,D)<\/em><\/li>\n<li><em>Day 3: Bao Lac \u2013 Ban gioc \u2013 Nguom Ngao \u2013 Cao Bang ( B,L,D)<\/em><\/li>\n<li><em>Day 4: Cao Bang &#8211; Hanoi (B)<\/em><\/li>\n<\/ul>\n","protected":false},"excerpt":{"rendered":"<p>Overview : H\u00e0 Giang and Cao B\u1eb1ng, located in northern Vietnam, offer captivating landscapes and cultural experiences. H\u00e0 Giang boasts rugged terrain, terraced rice fields, and the \u0110\u1ed3ng V\u0103n Karst Plateau Geopark, showcasing unique rock formations and ethnic villages. The &hellip; <a href=\"https:\/\/vietactive.com\/vi\/tour\/4d3n-hanoi-ha-giang-cao-bang\/\">Xem Th\u00eam<\/a><\/p>\n","protected":false},"featured_media":740,"comment_status":"closed","ping_status":"closed","template":"","meta":[],"product_cat":[160,168,161],"product_tag":[346,345,328,347,348,341],"class_list":["post-702","product","type-product","status-publish","has-post-thumbnail","hentry","product_cat-asia-travel","product_cat-domestic-tours","product_cat-northern-vietnam-travel","product_tag-cao-bang","product_tag-ha-giang","product_tag-hanoi","product_tag-meo-vac","product_tag-northern-vietnam","product_tag-vietnam","product_destination-domestic-travel","product_destination-northern-travel"],"yoast_head":"<!-- This site is optimized with the Yoast SEO plugin v20.11 - https:\/\/yoast.com\/wordpress\/plugins\/seo\/ -->\n<title>4D3N Hanoi - Ha Giang - Cao Bang - Vietactive<\/title>\n<meta name=\"description\" content=\"H\u00e0 Giang boasts rugged terrain, terraced rice fields, and the \u0110\u1ed3ng V\u0103n Karst Plateau Geopark, showcasing unique rock formations and ethnic villages.\" \/>\n<meta name=\"robots\" content=\"index, follow, max-snippet:-1, max-image-preview:large, max-video-preview:-1\" \/>\n<link rel=\"canonical\" href=\"https:\/\/vietactive.com\/vi\/tour\/4d3n-hanoi-ha-giang-cao-bang\/\" \/>\n<meta property=\"og:locale\" content=\"vi_VN\" \/>\n<meta property=\"og:type\" content=\"article\" \/>\n<meta property=\"og:title\" content=\"4D3N Hanoi - Ha Giang - Cao Bang - Vietactive\" \/>\n<meta property=\"og:description\" content=\"H\u00e0 Giang boasts rugged terrain, terraced rice fields, and the \u0110\u1ed3ng V\u0103n Karst Plateau Geopark, showcasing unique rock formations and ethnic villages.\" \/>\n<meta property=\"og:url\" content=\"https:\/\/vietactive.com\/vi\/tour\/4d3n-hanoi-ha-giang-cao-bang\/\" \/>\n<meta property=\"og:site_name\" content=\"Vietactive\" \/>\n<meta property=\"article:modified_time\" content=\"2025-02-11T09:24:17+00:00\" \/>\n<meta property=\"og:image\" content=\"https:\/\/vietactive.com\/wp-content\/uploads\/2023\/08\/4D3N-Hanoi-\u2013-Ha-Giang-\u2013-Cao-Bang-00.jpg\" \/>\n\t<meta property=\"og:image:width\" content=\"870\" \/>\n\t<meta property=\"og:image:height\" content=\"580\" \/>\n\t<meta property=\"og:image:type\" content=\"image\/jpeg\" \/>\n<meta name=\"twitter:card\" content=\"summary_large_image\" \/>\n<meta name=\"twitter:label1\" content=\"Est. reading time\" \/>\n\t<meta name=\"twitter:data1\" content=\"1 minute\" \/>\n<script type=\"application\/ld+json\" class=\"yoast-schema-graph\">{\"@context\":\"https:\/\/schema.org\",\"@graph\":[{\"@type\":\"WebPage\",\"@id\":\"https:\/\/vietactive.com\/vi\/tour\/4d3n-hanoi-ha-giang-cao-bang\/\",\"url\":\"https:\/\/vietactive.com\/vi\/tour\/4d3n-hanoi-ha-giang-cao-bang\/\",\"name\":\"4D3N Hanoi - Ha Giang - Cao Bang - Vietactive\",\"isPartOf\":{\"@id\":\"https:\/\/vietactive.com\/vi\/#website\"},\"datePublished\":\"2023-08-16T02:37:23+00:00\",\"dateModified\":\"2025-02-11T09:24:17+00:00\",\"description\":\"H\u00e0 Giang boasts rugged terrain, terraced rice fields, and the \u0110\u1ed3ng V\u0103n Karst Plateau Geopark, showcasing unique rock formations and ethnic villages.\",\"breadcrumb\":{\"@id\":\"https:\/\/vietactive.com\/vi\/tour\/4d3n-hanoi-ha-giang-cao-bang\/#breadcrumb\"},\"inLanguage\":\"vi-VN\",\"potentialAction\":[{\"@type\":\"ReadAction\",\"target\":[\"https:\/\/vietactive.com\/vi\/tour\/4d3n-hanoi-ha-giang-cao-bang\/\"]}]},{\"@type\":\"BreadcrumbList\",\"@id\":\"https:\/\/vietactive.com\/vi\/tour\/4d3n-hanoi-ha-giang-cao-bang\/#breadcrumb\",\"itemListElement\":[{\"@type\":\"ListItem\",\"position\":1,\"name\":\"Trang ch\u1ee7\",\"item\":\"https:\/\/vietactive.com\/vi\/\"},{\"@type\":\"ListItem\",\"position\":2,\"name\":\"Du L\u1ecbch\",\"item\":\"https:\/\/vietactive.com\/du-lich\/\"},{\"@type\":\"ListItem\",\"position\":3,\"name\":\"4D3N Hanoi &#8211; Ha Giang &#8211; Cao Bang\"}]},{\"@type\":\"WebSite\",\"@id\":\"https:\/\/vietactive.com\/vi\/#website\",\"url\":\"https:\/\/vietactive.com\/vi\/\",\"name\":\"Vietactive\",\"description\":\"| Explore Beyond Your Limits |\",\"potentialAction\":[{\"@type\":\"SearchAction\",\"target\":{\"@type\":\"EntryPoint\",\"urlTemplate\":\"https:\/\/vietactive.com\/vi\/?s={search_term_string}\"},\"query-input\":\"required name=search_term_string\"}],\"inLanguage\":\"vi-VN\"}]}<\/script>\n<!-- \/ Yoast SEO plugin. -->","yoast_head_json":{"title":"4D3N Hanoi - Ha Giang - Cao Bang - Vietactive","description":"H\u00e0 Giang boasts rugged terrain, terraced rice fields, and the \u0110\u1ed3ng V\u0103n Karst Plateau Geopark, showcasing unique rock formations and ethnic villages.","robots":{"index":"index","follow":"follow","max-snippet":"max-snippet:-1","max-image-preview":"max-image-preview:large","max-video-preview":"max-video-preview:-1"},"canonical":"https:\/\/vietactive.com\/vi\/tour\/4d3n-hanoi-ha-giang-cao-bang\/","og_locale":"vi_VN","og_type":"article","og_title":"4D3N Hanoi - Ha Giang - Cao Bang - Vietactive","og_description":"H\u00e0 Giang boasts rugged terrain, terraced rice fields, and the \u0110\u1ed3ng V\u0103n Karst Plateau Geopark, showcasing unique rock formations and ethnic villages.","og_url":"https:\/\/vietactive.com\/vi\/tour\/4d3n-hanoi-ha-giang-cao-bang\/","og_site_name":"Vietactive","article_modified_time":"2025-02-11T09:24:17+00:00","og_image":[{"width":870,"height":580,"url":"https:\/\/vietactive.com\/wp-content\/uploads\/2023\/08\/4D3N-Hanoi-\u2013-Ha-Giang-\u2013-Cao-Bang-00.jpg","type":"image\/jpeg"}],"twitter_card":"summary_large_image","twitter_misc":{"Est. reading time":"1 minute"},"schema":{"@context":"https:\/\/schema.org","@graph":[{"@type":"WebPage","@id":"https:\/\/vietactive.com\/vi\/tour\/4d3n-hanoi-ha-giang-cao-bang\/","url":"https:\/\/vietactive.com\/vi\/tour\/4d3n-hanoi-ha-giang-cao-bang\/","name":"4D3N Hanoi - Ha Giang - Cao Bang - Vietactive","isPartOf":{"@id":"https:\/\/vietactive.com\/vi\/#website"},"datePublished":"2023-08-16T02:37:23+00:00","dateModified":"2025-02-11T09:24:17+00:00","description":"H\u00e0 Giang boasts rugged terrain, terraced rice fields, and the \u0110\u1ed3ng V\u0103n Karst Plateau Geopark, showcasing unique rock formations and ethnic villages.","breadcrumb":{"@id":"https:\/\/vietactive.com\/vi\/tour\/4d3n-hanoi-ha-giang-cao-bang\/#breadcrumb"},"inLanguage":"vi-VN","potentialAction":[{"@type":"ReadAction","target":["https:\/\/vietactive.com\/vi\/tour\/4d3n-hanoi-ha-giang-cao-bang\/"]}]},{"@type":"BreadcrumbList","@id":"https:\/\/vietactive.com\/vi\/tour\/4d3n-hanoi-ha-giang-cao-bang\/#breadcrumb","itemListElement":[{"@type":"ListItem","position":1,"name":"Trang ch\u1ee7","item":"https:\/\/vietactive.com\/vi\/"},{"@type":"ListItem","position":2,"name":"Du L\u1ecbch","item":"https:\/\/vietactive.com\/du-lich\/"},{"@type":"ListItem","position":3,"name":"4D3N Hanoi &#8211; Ha Giang &#8211; Cao Bang"}]},{"@type":"WebSite","@id":"https:\/\/vietactive.com\/vi\/#website","url":"https:\/\/vietactive.com\/vi\/","name":"Vietactive","description":"| Explore Beyond Your Limits |","potentialAction":[{"@type":"SearchAction","target":{"@type":"EntryPoint","urlTemplate":"https:\/\/vietactive.com\/vi\/?s={search_term_string}"},"query-input":"required name=search_term_string"}],"inLanguage":"vi-VN"}]}},"_links":{"self":[{"href":"https:\/\/vietactive.com\/vi\/wp-json\/wp\/v2\/product\/702","targetHints":{"allow":["GET"]}}],"collection":[{"href":"https:\/\/vietactive.com\/vi\/wp-json\/wp\/v2\/product"}],"about":[{"href":"https:\/\/vietactive.com\/vi\/wp-json\/wp\/v2\/types\/product"}],"replies":[{"embeddable":true,"href":"https:\/\/vietactive.com\/vi\/wp-json\/wp\/v2\/comments?post=702"}],"wp:featuredmedia":[{"embeddable":true,"href":"https:\/\/vietactive.com\/vi\/wp-json\/wp\/v2\/media\/740"}],"wp:attachment":[{"href":"https:\/\/vietactive.com\/vi\/wp-json\/wp\/v2\/media?parent=702"}],"wp:term":[{"taxonomy":"product_cat","embeddable":true,"href":"https:\/\/vietactive.com\/vi\/wp-json\/wp\/v2\/product_cat?post=702"},{"taxonomy":"product_tag","embeddable":true,"href":"https:\/\/vietactive.com\/vi\/wp-json\/wp\/v2\/product_tag?post=702"}],"curies":[{"name":"wp","href":"https:\/\/api.w.org\/{rel}","templated":true}]}}